{"id":75,"date":"2019-04-15T11:49:20","date_gmt":"2019-04-15T11:49:20","guid":{"rendered":"http:\/\/www.wp-demos.com\/i-spirit\/multilingual\/?page_id=75"},"modified":"2021-05-28T18:31:02","modified_gmt":"2021-05-28T18:31:02","slug":"services","status":"publish","type":"page","link":"https:\/\/ingyenvpn.hu\/","title":{"rendered":"Services"},"content":{"rendered":"\t\t<div data-elementor-type=\"wp-post\" data-elementor-id=\"75\" class=\"elementor elementor-75\">\n\t\t\t\t\t\t<section class=\"elementor-section elementor-top-section elementor-element elementor-element-232a83ef elementor-section-content-middle elementor-section-boxed elementor-section-height-default elementor-section-height-default\" data-id=\"232a83ef\" data-element_type=\"section\" data-e-type=\"section\" data-settings=\"{&quot;background_background&quot;:&quot;classic&quot;}\">\n\t\t\t\t\t\t\t<div class=\"elementor-background-overlay\"><\/div>\n\t\t\t\t\t\t\t<div class=\"elementor-container elementor-column-gap-default\">\n\t\t\t\t\t<div class=\"elementor-column elementor-col-100 elementor-top-column elementor-element elementor-element-1968ffac\" data-id=\"1968ffac\" data-element_type=\"column\" data-e-type=\"column\">\n\t\t\t<div class=\"elementor-widget-wrap elementor-element-populated\">\n\t\t\t\t\t\t<div class=\"elementor-element elementor-element-1725b321 elementor-widget elementor-widget-heading\" data-id=\"1725b321\" data-element_type=\"widget\" data-e-type=\"widget\" data-widget_type=\"heading.default\">\n\t\t\t\t<div class=\"elementor-widget-container\">\n\t\t\t\t\t<h2 class=\"elementor-heading-title elementor-size-default\">EL\u00c9RHET\u0150 INGYENES VPN-EK GY\u0170JTEM\u00c9NYE<\/h2>\t\t\t\t<\/div>\n\t\t\t\t<\/div>\n\t\t\t\t\t<\/div>\n\t\t<\/div>\n\t\t\t\t\t<\/div>\n\t\t<\/section>\n\t\t\t\t<section class=\"elementor-section elementor-top-section elementor-element elementor-element-7749923 elementor-section-boxed elementor-section-height-default elementor-section-height-default\" data-id=\"7749923\" data-element_type=\"section\" data-e-type=\"section\">\n\t\t\t\t\t\t<div class=\"elementor-container elementor-column-gap-default\">\n\t\t\t\t\t<div class=\"elementor-column elementor-col-100 elementor-top-column elementor-element elementor-element-c775bb3\" data-id=\"c775bb3\" data-element_type=\"column\" data-e-type=\"column\">\n\t\t\t<div class=\"elementor-widget-wrap elementor-element-populated\">\n\t\t\t\t\t\t<div class=\"elementor-element elementor-element-bd4a4e2 elementor-widget elementor-widget-heading\" data-id=\"bd4a4e2\" data-element_type=\"widget\" data-e-type=\"widget\" data-widget_type=\"heading.default\">\n\t\t\t\t<div class=\"elementor-widget-container\">\n\t\t\t\t\t<h2 class=\"elementor-heading-title elementor-size-default\">csibVPN<\/h2>\t\t\t\t<\/div>\n\t\t\t\t<\/div>\n\t\t\t\t<div class=\"elementor-element elementor-element-923b1b2 elementor-widget elementor-widget-text-editor\" data-id=\"923b1b2\" data-element_type=\"widget\" data-e-type=\"widget\" data-widget_type=\"text-editor.default\">\n\t\t\t\t<div class=\"elementor-widget-container\">\n\t\t\t\t\t\t\t\t\t<p>A csibVPN egy teljes m\u00e9rt\u00e9kben Magyarorsz\u00e1gr\u00f3l \u00fczemeltetett \u00e9s Magyar tulajdonban l\u00e9v\u0151 kis VPN szolg\u00e1ltat\u00e1s. Rendelkeznek ingyenes \u00e9s persze pr\u00e9mium csomaggal egyar\u00e1nt.<\/p><p>Amit az ingyenes csomagban ny\u00fajtanak:<\/p><ul><li>3GB forgalom havonta<\/li><li>1 eszk\u00f6z csatlakozhat egyszerre<\/li><li>Android\/iOS\/Windows-on haszn\u00e1lhat\u00f3<\/li><\/ul>\t\t\t\t\t\t\t\t<\/div>\n\t\t\t\t<\/div>\n\t\t\t\t<section class=\"elementor-section elementor-inner-section elementor-element elementor-element-742624b elementor-section-boxed elementor-section-height-default elementor-section-height-default\" data-id=\"742624b\" data-element_type=\"section\" data-e-type=\"section\">\n\t\t\t\t\t\t<div class=\"elementor-container elementor-column-gap-default\">\n\t\t\t\t\t<div class=\"elementor-column elementor-col-50 elementor-inner-column elementor-element elementor-element-a0fcfbc\" data-id=\"a0fcfbc\" data-element_type=\"column\" data-e-type=\"column\">\n\t\t\t<div class=\"elementor-widget-wrap elementor-element-populated\">\n\t\t\t\t\t\t<div class=\"elementor-element elementor-element-0132d9e elementor-widget elementor-widget-text-editor\" data-id=\"0132d9e\" data-element_type=\"widget\" data-e-type=\"widget\" data-widget_type=\"text-editor.default\">\n\t\t\t\t<div class=\"elementor-widget-container\">\n\t\t\t\t\t\t\t\t\t<h4>Pro:<\/h4><ul><li>100% Magyar<\/li><li>Gyors szerverek<\/li><li>Egyszer\u0171 weboldal, k\u00f6nny\u0171 kezelhet\u0151s\u00e9g<\/li><li>Kis szolg\u00e1ltat\u00e1s, nem adja el az adataid m\u00e1snak<\/li><li>Lek\u00e9rdezhet\u0151ek<\/li><\/ul>\t\t\t\t\t\t\t\t<\/div>\n\t\t\t\t<\/div>\n\t\t\t\t\t<\/div>\n\t\t<\/div>\n\t\t\t\t<div class=\"elementor-column elementor-col-50 elementor-inner-column elementor-element elementor-element-a96fd4f\" data-id=\"a96fd4f\" data-element_type=\"column\" data-e-type=\"column\">\n\t\t\t<div class=\"elementor-widget-wrap elementor-element-populated\">\n\t\t\t\t\t\t<div class=\"elementor-element elementor-element-ba0c09d elementor-widget elementor-widget-text-editor\" data-id=\"ba0c09d\" data-element_type=\"widget\" data-e-type=\"widget\" data-widget_type=\"text-editor.default\">\n\t\t\t\t<div class=\"elementor-widget-container\">\n\t\t\t\t\t\t\t\t\t<h4>Kontra:<\/h4><ul><li>Kev\u00e9s orsz\u00e1gban \u00e9rhet\u0151 el<\/li><li>Lass\u00fa \u00fcgyf\u00e9lszolg\u00e1lat<\/li><\/ul>\t\t\t\t\t\t\t\t<\/div>\n\t\t\t\t<\/div>\n\t\t\t\t\t<\/div>\n\t\t<\/div>\n\t\t\t\t\t<\/div>\n\t\t<\/section>\n\t\t\t\t<section class=\"elementor-section elementor-inner-section elementor-element elementor-element-3bab0b1 elementor-section-boxed elementor-section-height-default elementor-section-height-default\" data-id=\"3bab0b1\" data-element_type=\"section\" data-e-type=\"section\">\n\t\t\t\t\t\t<div class=\"elementor-container elementor-column-gap-default\">\n\t\t\t\t\t<div class=\"elementor-column elementor-col-50 elementor-inner-column elementor-element elementor-element-7afaed5\" data-id=\"7afaed5\" data-element_type=\"column\" data-e-type=\"column\">\n\t\t\t<div class=\"elementor-widget-wrap elementor-element-populated\">\n\t\t\t\t\t\t<div class=\"elementor-element elementor-element-488d62b content-align-cta-default elementor-widget elementor-widget-eael-cta-box\" data-id=\"488d62b\" data-element_type=\"widget\" data-e-type=\"widget\" data-widget_type=\"eael-cta-box.default\">\n\t\t\t\t<div class=\"elementor-widget-container\">\n\t\t\t\t\t\t\t<div class=\"eael-call-to-action cta-basic bg-lite cta-preset-1\">\n        <h2 class=\"title eael-cta-heading\">Aj\u00e1nlott!<\/h2><p>N\u00e9zd meg weboldalukat \u00e9s pr\u00f3b\u00e1ld ki!<\/p><a href=\"https:\/\/csibvpn.hu\" target=\"_blank\" class=\"cta-button cta-preset-1  \">csibvpn.hu<\/a>\t<\/div>\n\t\t\t\t\t\t\t\t<\/div>\n\t\t\t\t<\/div>\n\t\t\t\t\t<\/div>\n\t\t<\/div>\n\t\t\t\t<div class=\"elementor-column elementor-col-50 elementor-inner-column elementor-element elementor-element-25eca4c\" data-id=\"25eca4c\" data-element_type=\"column\" data-e-type=\"column\">\n\t\t\t<div class=\"elementor-widget-wrap elementor-element-populated\">\n\t\t\t\t\t\t<div class=\"elementor-element elementor-element-1c26a05 elementor--star-style-star_fontawesome elementor-widget elementor-widget-star-rating\" data-id=\"1c26a05\" data-element_type=\"widget\" data-e-type=\"widget\" data-widget_type=\"star-rating.default\">\n\t\t\t\t<div class=\"elementor-widget-container\">\n\t\t\t\t\t\t\t<div class=\"elementor-star-rating__wrapper\">\n\t\t\t\t\t\t<div class=\"elementor-star-rating\" itemtype=\"http:\/\/schema.org\/Rating\" itemscope=\"\" itemprop=\"reviewRating\">\n\t\t\t\t<i class=\"elementor-star-full\" aria-hidden=\"true\">&#xE934;<\/i><i class=\"elementor-star-full\" aria-hidden=\"true\">&#xE934;<\/i><i class=\"elementor-star-full\" aria-hidden=\"true\">&#xE934;<\/i><i class=\"elementor-star-full\" aria-hidden=\"true\">&#xE934;<\/i><i class=\"elementor-star-full\" aria-hidden=\"true\">&#xE934;<\/i>\t\t\t\t<span itemprop=\"ratingValue\" class=\"elementor-screen-only\">Rated 5 out of 5<\/span>\n\t\t\t<\/div>\n\t\t<\/div>\n\t\t\t\t\t\t<\/div>\n\t\t\t\t<\/div>\n\t\t\t\t\t<\/div>\n\t\t<\/div>\n\t\t\t\t\t<\/div>\n\t\t<\/section>\n\t\t\t\t\t<\/div>\n\t\t<\/div>\n\t\t\t\t\t<\/div>\n\t\t<\/section>\n\t\t\t\t<\/div>\n\t\t","protected":false},"excerpt":{"rendered":"<p>EL\u00c9RHET\u0150 INGYENES VPN-EK GY\u0170JTEM\u00c9NYE csibVPN A csibVPN egy teljes m\u00e9rt\u00e9kben Magyarorsz\u00e1gr\u00f3l \u00fczemeltetett \u00e9s Magyar tulajdonban l\u00e9v\u0151 kis VPN szolg\u00e1ltat\u00e1s. Rendelkeznek ingyenes \u00e9s persze pr\u00e9mium csomaggal egyar\u00e1nt. Amit az ingyenes csomagban ny\u00fajtanak: 3GB<a class=\"moretag\" href=\"https:\/\/ingyenvpn.hu\/\">Tov\u00e1bbi inform\u00e1ci\u00f3\u2026<\/a><\/p>\n","protected":false},"author":1,"featured_media":0,"parent":0,"menu_order":0,"comment_status":"closed","ping_status":"closed","template":"page_full-width.php","meta":{"footnotes":""},"class_list":["post-75","page","type-page","status-publish","hentry"],"_links":{"self":[{"href":"https:\/\/ingyenvpn.hu\/index.php\/wp-json\/wp\/v2\/pages\/75","targetHints":{"allow":["GET"]}}],"collection":[{"href":"https:\/\/ingyenvpn.hu\/index.php\/wp-json\/wp\/v2\/pages"}],"about":[{"href":"https:\/\/ingyenvpn.hu\/index.php\/wp-json\/wp\/v2\/types\/page"}],"author":[{"embeddable":true,"href":"https:\/\/ingyenvpn.hu\/index.php\/wp-json\/wp\/v2\/users\/1"}],"replies":[{"embeddable":true,"href":"https:\/\/ingyenvpn.hu\/index.php\/wp-json\/wp\/v2\/comments?post=75"}],"version-history":[{"count":36,"href":"https:\/\/ingyenvpn.hu\/index.php\/wp-json\/wp\/v2\/pages\/75\/revisions"}],"predecessor-version":[{"id":267,"href":"https:\/\/ingyenvpn.hu\/index.php\/wp-json\/wp\/v2\/pages\/75\/revisions\/267"}],"wp:attachment":[{"href":"https:\/\/ingyenvpn.hu\/index.php\/wp-json\/wp\/v2\/media?parent=75"}],"curies":[{"name":"wp","href":"https:\/\/api.w.org\/{rel}","templated":true}]}}